{"id":2810,"date":"2024-01-29T13:12:07","date_gmt":"2024-01-29T12:12:07","guid":{"rendered":"https:\/\/flocbaby.com\/producto\/manta-bionda-rosa-maquillaje\/"},"modified":"2025-02-08T00:34:56","modified_gmt":"2025-02-07T23:34:56","slug":"manta-amaia-rosa-maquillaje","status":"publish","type":"product","link":"https:\/\/www.flocbaby.com\/es\/producto\/manta-amaia-rosa-maquillaje\/","title":{"rendered":"Manta Amaia &#8211; Rosa maquillaje"},"content":{"rendered":"<p><em>Manta Amaia<\/em> de punto tricot de lana merino. Con un tacto muy agradable y una sensaci\u00f3n de m\u00e1xima suavidad. Tiene espacio para personalizar con el nombre, fecha o iniciales. La manta es el mejor complemento de confianza para acompa\u00f1ar a tu beb\u00e9 en infinitos momentos y un regalo \u00fanico y especial para quienes m\u00e1s quieres.<\/p>\n<p>Talla \u00fanica 80 x 90 cm<\/p>\n","protected":false},"excerpt":{"rendered":"<p>Manta Amaia de punto tricot de lana merino. Con un tacto muy agradable y una sensaci\u00f3n de m\u00e1xima suavidad. Tiene espacio para personalizar con el nombre, fecha o iniciales. La manta es el mejor complemento de confianza para acompa\u00f1ar a tu beb\u00e9 en infinitos momentos y un regalo \u00fanico y especial para quienes m\u00e1s quieres. [&hellip;]<\/p>\n","protected":false},"featured_media":3948,"template":"","meta":[],"product_brand":[],"product_cat":[88,72,73],"product_tag":[],"class_list":{"0":"post-2810","1":"product","2":"type-product","3":"status-publish","4":"has-post-thumbnail","6":"product_cat-bebe","7":"product_cat-mantas","8":"product_cat-personalizables","9":"tm-has-options","11":"first","12":"outofstock","13":"shipping-taxable","14":"purchasable","15":"product-type-simple"},"_links":{"self":[{"href":"https:\/\/www.flocbaby.com\/es\/wp-json\/wp\/v2\/product\/2810","targetHints":{"allow":["GET"]}}],"collection":[{"href":"https:\/\/www.flocbaby.com\/es\/wp-json\/wp\/v2\/product"}],"about":[{"href":"https:\/\/www.flocbaby.com\/es\/wp-json\/wp\/v2\/types\/product"}],"version-history":[{"count":3,"href":"https:\/\/www.flocbaby.com\/es\/wp-json\/wp\/v2\/product\/2810\/revisions"}],"predecessor-version":[{"id":3952,"href":"https:\/\/www.flocbaby.com\/es\/wp-json\/wp\/v2\/product\/2810\/revisions\/3952"}],"wp:featuredmedia":[{"embeddable":true,"href":"https:\/\/www.flocbaby.com\/es\/wp-json\/wp\/v2\/media\/3948"}],"wp:attachment":[{"href":"https:\/\/www.flocbaby.com\/es\/wp-json\/wp\/v2\/media?parent=2810"}],"wp:term":[{"taxonomy":"product_brand","embeddable":true,"href":"https:\/\/www.flocbaby.com\/es\/wp-json\/wp\/v2\/product_brand?post=2810"},{"taxonomy":"product_cat","embeddable":true,"href":"https:\/\/www.flocbaby.com\/es\/wp-json\/wp\/v2\/product_cat?post=2810"},{"taxonomy":"product_tag","embeddable":true,"href":"https:\/\/www.flocbaby.com\/es\/wp-json\/wp\/v2\/product_tag?post=2810"}],"curies":[{"name":"wp","href":"https:\/\/api.w.org\/{rel}","templated":true}]}}